{"id":146,"date":"2021-03-06T13:57:10","date_gmt":"2021-03-06T12:57:10","guid":{"rendered":"http:\/\/florealfilms.com\/?page_id=146"},"modified":"2024-12-19T16:32:32","modified_gmt":"2024-12-19T15:32:32","slug":"mentions-legales","status":"publish","type":"page","link":"https:\/\/floreal.io\/en\/mentions-legales\/","title":{"rendered":"Legal notice"},"content":{"rendered":"<p>Legal notice<\/p>\n\n\n\n<p>Ce site est \u00e9dit\u00e9 par<br>FLOR\u00c9AL<br>58 rue de Monceau<br>75008 Paris \u2014 FRANCE<\/p>\n\n\n\n<p>Ce site est h\u00e9berg\u00e9 par<br>INFOMANIAK NETWORK SA<br>26, Avenue de la Praille<br>1227 Carouge \/ Gen\u00e8ve \u2014 SUISSE<\/p>","protected":false},"excerpt":{"rendered":"<p>Mentions l\u00e9gales Ce site est \u00e9dit\u00e9 parFLOR\u00c9AL58 rue de Monceau75008 Paris \u2014 FRANCE Ce site est h\u00e9berg\u00e9 parINFOMANIAK NETWORK SA26, Avenue de la Praille1227 Carouge \/ Gen\u00e8ve \u2014 SUISSE<\/p>","protected":false},"author":1,"featured_media":0,"parent":0,"menu_order":0,"comment_status":"closed","ping_status":"closed","template":"","meta":{"_acf_changed":false,"footnotes":""},"class_list":["post-146","page","type-page","status-publish","hentry"],"acf":[],"_links":{"self":[{"href":"https:\/\/floreal.io\/en\/wp-json\/wp\/v2\/pages\/146","targetHints":{"allow":["GET"]}}],"collection":[{"href":"https:\/\/floreal.io\/en\/wp-json\/wp\/v2\/pages"}],"about":[{"href":"https:\/\/floreal.io\/en\/wp-json\/wp\/v2\/types\/page"}],"author":[{"embeddable":true,"href":"https:\/\/floreal.io\/en\/wp-json\/wp\/v2\/users\/1"}],"replies":[{"embeddable":true,"href":"https:\/\/floreal.io\/en\/wp-json\/wp\/v2\/comments?post=146"}],"version-history":[{"count":6,"href":"https:\/\/floreal.io\/en\/wp-json\/wp\/v2\/pages\/146\/revisions"}],"predecessor-version":[{"id":1519,"href":"https:\/\/floreal.io\/en\/wp-json\/wp\/v2\/pages\/146\/revisions\/1519"}],"wp:attachment":[{"href":"https:\/\/floreal.io\/en\/wp-json\/wp\/v2\/media?parent=146"}],"curies":[{"name":"wp","href":"https:\/\/api.w.org\/{rel}","templated":true}]}}